{"id":10330,"date":"2024-03-06T06:11:15","date_gmt":"2024-03-06T11:11:15","guid":{"rendered":"https:\/\/tremblantrestaurants.ca\/privacy-statement\/"},"modified":"2024-03-06T06:28:10","modified_gmt":"2024-03-06T11:28:10","slug":"declaration-de-confidentialite","status":"publish","type":"page","link":"https:\/\/tremblantrestaurants.ca\/fr\/declaration-de-confidentialite\/","title":{"rendered":"D\u00e9claration de confidentialit\u00e9"},"content":{"rendered":"<div class=\"confidentialite-content\">\n<h4>1. Objectif et cat\u00e9gories de donn\u00e9es<\/h4>\n<p>Nous pourrions collecter ou recevoir des informations personnelles \u00e0 plusieurs fins li\u00e9es \u00e0 nos op\u00e9rations commerciales, notamment les suivantes:<\/p>\n<p><strong>1.1 Contact &#8211; Par t\u00e9l\u00e9phone, courrier, courriel ou formulaires web<\/strong><\/p>\n<p>Les cat\u00e9gories de donn\u00e9es suivantes sont collect\u00e9es:<\/p>\n<ul>\n<li style=\"list-style: none;\">\n<ul>\n<li>Pr\u00e9nom et nom de famille<\/li>\n<li>Adresse courriel<\/li>\n<li>Num\u00e9ro de t\u00e9l\u00e9phone<\/li>\n<li>Adresse<\/li>\n<li>Ville<\/li>\n<li>Code postal<\/li>\n<li>Adresse IP<\/li>\n<\/ul>\n<\/li>\n<\/ul>\n<p><u>P\u00e9riode de conservation:<\/u> Nous conserverons ces donn\u00e9es jusqu\u2019\u00e0 60 mois suivant la fin du service.<\/p>\n<p style=\"padding-left: 40px; margin-top: 20px;\"><strong>1.2 Bulletins d\u2019information<\/strong><\/p>\n<p>Les cat\u00e9gories de donn\u00e9es suivantes sont collect\u00e9es:<\/p>\n<ul>\n<li style=\"list-style: none;\">\n<ul>\n<li>Adresse courriel<\/li>\n<li>Pr\u00e9nom<\/li>\n<li>Nom de famille<\/li>\n<\/ul>\n<\/li>\n<\/ul>\n<p><u>P\u00e9riode de conservation:<\/u> Nous conserverons ces donn\u00e9es jusqu\u2019\u00e0 12 mois suivant la fin du service.<\/p>\n<p style=\"padding-left: 40px; margin-top: 20px;\"><strong>1.3 Support des services ou produits souhait\u00e9s ou achet\u00e9s par un client<\/strong><\/p>\n<p>Les cat\u00e9gories de donn\u00e9es suivantes sont collect\u00e9es:<\/p>\n<ul>\n<li style=\"list-style: none;\">\n<ul>\n<li>Pr\u00e9nom et nom de famille<\/li>\n<li>Adresse courriel<\/li>\n<\/ul>\n<\/li>\n<\/ul>\n<p><u>P\u00e9riode de conservation:<\/u> Nous conserverons ces donn\u00e9es jusqu\u2019\u00e0 12 mois suivant la fin du service.<\/p>\n<p style=\"padding-left: 40px; margin-top: 20px;\"><strong>1.4 Compilation et analyse de statistiques pour l\u2019am\u00e9lioration du site web<\/strong><\/p>\n<p>Les cat\u00e9gories de donn\u00e9es suivantes sont collect\u00e9es:<\/p>\n<ul>\n<li style=\"list-style: none;\">\n<ul>\n<li>Informations sur l\u2019activit\u00e9 sur Internet, incluant entre autres, l\u2019historique de navigation, l\u2019historique de recherche et les informations concernant l\u2019interaction d\u2019un consommateur avec un site web, une application ou une publicit\u00e9 sur Internet.<\/li>\n<\/ul>\n<\/li>\n<\/ul>\n<p><u>P\u00e9riode de conservation:<\/u> Nous conserverons ces donn\u00e9es jusqu&rsquo;\u00e0 24 mois suivant la fin du service.<\/p>\n<p>&nbsp;<\/p>\n<h4>2. Partage avec d\u2019autres parties<\/h4>\n<p>Nous partageons ou divulguons ces donn\u00e9es uniquement aux fins suivantes:<\/p>\n<ul>\n<li>Objectif du transfert de donn\u00e9es: Comptabilit\u00e9 Pays ou \u00c9tat\/Province o\u00f9 se trouve ce prestataire de services: Canada<\/li>\n<li>Objectif du transfert de donn\u00e9es: H\u00e9bergement<\/li>\n<li>Pays ou \u00c9tat\/Province o\u00f9 se trouve ce prestataire de services: Canada<\/li>\n<li>Objectif du transfert de donn\u00e9es: Envoi de bulletins d\u2019information<\/li>\n<li>Pays ou \u00c9tat\/Province o\u00f9 se trouve ce prestataire de services: Canada<\/li>\n<li>Objectif du transfert de donn\u00e9es: Pr\u00e9vention des bots\/pourriels<\/li>\n<li>Pays ou \u00c9tat\/Province o\u00f9 se trouve ce prestataire de services: Canada<\/li>\n<\/ul>\n<h4>3. Pratiques de divulgation<\/h4>\n<p>Nous divulguerons des informations personnelles si la loi l\u2019exige ou en vertu d\u2019une ordonnance du tribunal, en r\u00e9ponse \u00e0 un organisme charg\u00e9 de l\u2019application de la loi, dans la mesure permise par d\u2019autres dispositions de la loi, pour fournir des informations ou dans le cadre d\u2019une enqu\u00eate sur une question li\u00e9e \u00e0 la s\u00e9curit\u00e9 publique.<\/p>\n<p>Si notre site web ou notre organisation est rachet\u00e9, vendu ou fait l\u2019objet d\u2019une fusion ou d\u2019une acquisition, vos coordonn\u00e9es peuvent \u00eatre divulgu\u00e9es \u00e0 nos conseillers et \u00e0 d\u2019\u00e9ventuels acheteurs potentiels, et seront transmises aux nouveaux propri\u00e9taires.<\/p>\n<h4>4. Cookies<\/h4>\n<p>Notre site web utilise des cookies. Pour plus d\u2019informations sur les cookies, veuillez consulter notre Politique en mati\u00e8re de cookies sur notre page <a href=\"\/politique-de-temoins\/\">Politique de cookies<\/a>.<\/p>\n<h4>5. S\u00e9curit\u00e9<\/h4>\n<p>Nous nous engageons \u00e0 assurer la s\u00e9curit\u00e9 des donn\u00e9es personnelles. Nous prenons des mesures de s\u00e9curit\u00e9 appropri\u00e9es pour limiter les abus et les acc\u00e8s non autoris\u00e9s aux donn\u00e9es personnelles. Cela garantit que seules les personnes n\u00e9cessaires ont acc\u00e8s \u00e0 vos donn\u00e9es, que l\u2019acc\u00e8s aux donn\u00e9es est prot\u00e9g\u00e9 et que nos mesures de s\u00e9curit\u00e9 sont r\u00e9guli\u00e8rement examin\u00e9es.<\/p>\n<h4>6. Sites web de tiers<\/h4>\n<p>Cette d\u00e9claration de confidentialit\u00e9 ne s\u2019applique pas aux sites web tiers accessibles par des liens sur notre site web. Nous ne pouvons pas garantir que ces tiers traitent vos donn\u00e9es personnelles de mani\u00e8re fiable ou s\u00e9curis\u00e9e. Nous vous recommandons de lire les d\u00e9clarations de confidentialit\u00e9 de ces sites web avant de les utiliser.<\/p>\n<h4>7. Modifications de cette d\u00e9claration de confidentialit\u00e9<\/h4>\n<p>Nous nous r\u00e9servons le droit d\u2019apporter des modifications \u00e0 cette d\u00e9claration de confidentialit\u00e9. Il est recommand\u00e9 de consulter r\u00e9guli\u00e8rement cette d\u00e9claration de confidentialit\u00e9 pour \u00eatre inform\u00e9 des \u00e9ventuels changements. De plus, nous vous informerons activement dans la mesure du possible.<\/p>\n<h4>8. Acc\u00e8s et modification de vos donn\u00e9es<\/h4>\n<p>Si vous avez des questions ou souhaitez savoir quelles donn\u00e9es personnelles nous d\u00e9tenons \u00e0 votre sujet, veuillez nous contacter. Veuillez-vous assurer de toujours indiquer clairement qui vous \u00eates, afin que nous puissions \u00eatre certains de ne pas modifier ou supprimer les donn\u00e9es d\u2019une personne incorrecte. Nous fournirons les informations demand\u00e9es uniquement apr\u00e8s r\u00e9ception d\u2019une demande de consommateur v\u00e9rifiable. Vous pouvez nous contacter en utilisant les informations ci-dessous.<\/p>\n<p style=\"padding: 20px 0 0 40px;\"><strong>8.1 Vous avez les droits suivants concernant vos donn\u00e9es personnelles<\/strong><\/p>\n<ul>\n<li style=\"list-style: none;\">\n<ul>\n<li>Vous pouvez soumettre une demande d\u2019acc\u00e8s aux donn\u00e9es que nous traitons \u00e0 votre sujet.<\/li>\n<li>Vous pouvez demander un aper\u00e7u, dans un format couramment utilis\u00e9, des donn\u00e9es que nous traitons \u00e0 votre sujet.<\/li>\n<li>Vous pouvez demander la correction ou la suppression des donn\u00e9es si elles sont incorrectes ou plus pertinentes. Le cas \u00e9ch\u00e9ant, les informations modifi\u00e9es seront transmises aux tiers ayant acc\u00e8s aux informations en question.<\/li>\n<li>Vous avez le droit de retirer votre consentement \u00e0 tout moment, sous r\u00e9serve de restrictions l\u00e9gales ou contractuelles et d\u2019un pr\u00e9avis raisonnable. Vous serez inform\u00e9 des cons\u00e9quences d\u2019un tel retrait.<\/li>\n<li>Vous avez le droit de soulever une contestation concernant le non-respect de la Loi sur la protection des renseignements personnels et les documents \u00e9lectroniques (LPRDE) par notre organisation et, si le probl\u00e8me n\u2019est pas r\u00e9solu, de le signaler au Commissariat \u00e0 la protection de la vie priv\u00e9e du Canada.<\/li>\n<li>Nous fournirons l\u2019acc\u00e8s aux informations personnelles dans un format alternatif \u00e0 une personne ayant un handicap sensoriel qui a le droit d\u2019acc\u00e9der aux informations personnelles en vertu de la LPRDE et qui demande que celles-ci soient transmises dans un format alternatif si (a) une version des informations existe d\u00e9j\u00e0 dans ce format ; ou (b) leur conversion dans ce format est raisonnable et n\u00e9cessaire pour permettre \u00e0 la personne d\u2019exercer ses droits.<\/li>\n<\/ul>\n<\/li>\n<\/ul>\n<h4>9. Enfants<\/h4>\n<p>Notre site web n\u2019est pas con\u00e7u pour attirer les enfants, et nous n\u2019avons pas l\u2019intention de collecter des donn\u00e9es personnelles aupr\u00e8s d\u2019enfants qui n\u2019ont pas atteint l\u2019\u00e2ge de consentement dans leur pays de r\u00e9sidence. Nous demandons donc aux enfants n\u2019ayant pas atteint l\u2019\u00e2ge de consentement de ne pas nous fournir de donn\u00e9es personnelles.<\/p>\n<h4>10. Coordonn\u00e9es<\/h4>\n<p><strong>9083-2056 Qu\u00e9bec inc et\/ou Tremblant Express (autres nom \u00c9dition Infom\u00e9dia, Tremblant Restaurants)<\/strong><br \/>\nC.P. 4444, succ. Principale<br \/>\nMont-Tremblant QC J8E 1A1<br \/>\nCanada<br \/>\nSite web: <a href=\"https:\/\/tremblantrestaurants.ca\/fr\/\">www.tremblantrestaurants.ca<\/a><br \/>\nCourriel: <a href=\"mailto:david@tremblantexpress.com\">david@tremblantexpress.com<\/a><br \/>\nNum\u00e9ro de t\u00e9l\u00e9phone: a href=\u00a0\u00bbtel:8194257875&Prime;&gt;819 425-7875<\/p>\n<p>Nous avons nomm\u00e9 une personne contact pour les politiques et pratiques de l\u2019organisation, \u00e0 qui les plaintes ou les demandes de renseignements peuvent \u00eatre transmises:<\/p>\n<p><strong>David Coderre<\/strong> &#8211; <a href=\"mailto:david@tremblantexpress.com\">david@tremblantexpress.com<\/a><\/p>\n<\/div>\n","protected":false},"excerpt":{"rendered":"<p>1. Objectif et cat\u00e9gories de donn\u00e9es Nous pourrions collecter ou recevoir des informations personnelles \u00e0 plusieurs fins li\u00e9es \u00e0 nos&#8230;<\/p>\n","protected":false},"author":5,"featured_media":0,"parent":0,"menu_order":0,"comment_status":"closed","ping_status":"closed","template":"","meta":{"footnotes":""},"class_list":["post-10330","page","type-page","status-publish","hentry"],"yoast_head":"<!-- This site is optimized with the Yoast SEO plugin v27.0 - https:\/\/yoast.com\/product\/yoast-seo-wordpress\/ -->\n<title>D\u00e9claration de confidentialit\u00e9 - Tremblant Restaurants<\/title>\n<meta name=\"robots\" content=\"index, follow, max-snippet:-1, max-image-preview:large, max-video-preview:-1\" \/>\n<link rel=\"canonical\" href=\"https:\/\/tremblantrestaurants.ca\/fr\/declaration-de-confidentialite\/\" \/>\n<meta property=\"og:locale\" content=\"fr_FR\" \/>\n<meta property=\"og:type\" content=\"article\" \/>\n<meta property=\"og:title\" content=\"D\u00e9claration de confidentialit\u00e9 - Tremblant Restaurants\" \/>\n<meta property=\"og:description\" content=\"1. Objectif et cat\u00e9gories de donn\u00e9es Nous pourrions collecter ou recevoir des informations personnelles \u00e0 plusieurs fins li\u00e9es \u00e0 nos...\" \/>\n<meta property=\"og:url\" content=\"https:\/\/tremblantrestaurants.ca\/fr\/declaration-de-confidentialite\/\" \/>\n<meta property=\"og:site_name\" content=\"Tremblant Restaurants\" \/>\n<meta property=\"article:publisher\" content=\"https:\/\/www.facebook.com\/TremblantRestaurants\/\" \/>\n<meta property=\"article:modified_time\" content=\"2024-03-06T11:28:10+00:00\" \/>\n<meta name=\"twitter:card\" content=\"summary_large_image\" \/>\n<meta name=\"twitter:label1\" content=\"Dur\u00e9e de lecture estim\u00e9e\" \/>\n\t<meta name=\"twitter:data1\" content=\"5 minutes\" \/>\n<script type=\"application\/ld+json\" class=\"yoast-schema-graph\">{\"@context\":\"https:\/\/schema.org\",\"@graph\":[{\"@type\":\"WebPage\",\"@id\":\"https:\/\/tremblantrestaurants.ca\/fr\/declaration-de-confidentialite\/\",\"url\":\"https:\/\/tremblantrestaurants.ca\/fr\/declaration-de-confidentialite\/\",\"name\":\"D\u00e9claration de confidentialit\u00e9 - Tremblant Restaurants\",\"isPartOf\":{\"@id\":\"https:\/\/tremblantrestaurants.ca\/#website\"},\"datePublished\":\"2024-03-06T11:11:15+00:00\",\"dateModified\":\"2024-03-06T11:28:10+00:00\",\"breadcrumb\":{\"@id\":\"https:\/\/tremblantrestaurants.ca\/fr\/declaration-de-confidentialite\/#breadcrumb\"},\"inLanguage\":\"fr-FR\",\"potentialAction\":[{\"@type\":\"ReadAction\",\"target\":[\"https:\/\/tremblantrestaurants.ca\/fr\/declaration-de-confidentialite\/\"]}]},{\"@type\":\"BreadcrumbList\",\"@id\":\"https:\/\/tremblantrestaurants.ca\/fr\/declaration-de-confidentialite\/#breadcrumb\",\"itemListElement\":[{\"@type\":\"ListItem\",\"position\":1,\"name\":\"Home\",\"item\":\"https:\/\/tremblantrestaurants.ca\/fr\/\"},{\"@type\":\"ListItem\",\"position\":2,\"name\":\"D\u00e9claration de confidentialit\u00e9\"}]},{\"@type\":\"WebSite\",\"@id\":\"https:\/\/tremblantrestaurants.ca\/#website\",\"url\":\"https:\/\/tremblantrestaurants.ca\/\",\"name\":\"Tremblant Restaurants\",\"description\":\"Guide des restaurants - Cuisine, Commentaires, Photos\",\"potentialAction\":[{\"@type\":\"SearchAction\",\"target\":{\"@type\":\"EntryPoint\",\"urlTemplate\":\"https:\/\/tremblantrestaurants.ca\/?s={search_term_string}\"},\"query-input\":{\"@type\":\"PropertyValueSpecification\",\"valueRequired\":true,\"valueName\":\"search_term_string\"}}],\"inLanguage\":\"fr-FR\"}]}<\/script>\n<!-- \/ Yoast SEO plugin. -->","yoast_head_json":{"title":"D\u00e9claration de confidentialit\u00e9 - Tremblant Restaurants","robots":{"index":"index","follow":"follow","max-snippet":"max-snippet:-1","max-image-preview":"max-image-preview:large","max-video-preview":"max-video-preview:-1"},"canonical":"https:\/\/tremblantrestaurants.ca\/fr\/declaration-de-confidentialite\/","og_locale":"fr_FR","og_type":"article","og_title":"D\u00e9claration de confidentialit\u00e9 - Tremblant Restaurants","og_description":"1. Objectif et cat\u00e9gories de donn\u00e9es Nous pourrions collecter ou recevoir des informations personnelles \u00e0 plusieurs fins li\u00e9es \u00e0 nos...","og_url":"https:\/\/tremblantrestaurants.ca\/fr\/declaration-de-confidentialite\/","og_site_name":"Tremblant Restaurants","article_publisher":"https:\/\/www.facebook.com\/TremblantRestaurants\/","article_modified_time":"2024-03-06T11:28:10+00:00","twitter_card":"summary_large_image","twitter_misc":{"Dur\u00e9e de lecture estim\u00e9e":"5 minutes"},"schema":{"@context":"https:\/\/schema.org","@graph":[{"@type":"WebPage","@id":"https:\/\/tremblantrestaurants.ca\/fr\/declaration-de-confidentialite\/","url":"https:\/\/tremblantrestaurants.ca\/fr\/declaration-de-confidentialite\/","name":"D\u00e9claration de confidentialit\u00e9 - Tremblant Restaurants","isPartOf":{"@id":"https:\/\/tremblantrestaurants.ca\/#website"},"datePublished":"2024-03-06T11:11:15+00:00","dateModified":"2024-03-06T11:28:10+00:00","breadcrumb":{"@id":"https:\/\/tremblantrestaurants.ca\/fr\/declaration-de-confidentialite\/#breadcrumb"},"inLanguage":"fr-FR","potentialAction":[{"@type":"ReadAction","target":["https:\/\/tremblantrestaurants.ca\/fr\/declaration-de-confidentialite\/"]}]},{"@type":"BreadcrumbList","@id":"https:\/\/tremblantrestaurants.ca\/fr\/declaration-de-confidentialite\/#breadcrumb","itemListElement":[{"@type":"ListItem","position":1,"name":"Home","item":"https:\/\/tremblantrestaurants.ca\/fr\/"},{"@type":"ListItem","position":2,"name":"D\u00e9claration de confidentialit\u00e9"}]},{"@type":"WebSite","@id":"https:\/\/tremblantrestaurants.ca\/#website","url":"https:\/\/tremblantrestaurants.ca\/","name":"Tremblant Restaurants","description":"Guide des restaurants - Cuisine, Commentaires, Photos","potentialAction":[{"@type":"SearchAction","target":{"@type":"EntryPoint","urlTemplate":"https:\/\/tremblantrestaurants.ca\/?s={search_term_string}"},"query-input":{"@type":"PropertyValueSpecification","valueRequired":true,"valueName":"search_term_string"}}],"inLanguage":"fr-FR"}]}},"_links":{"self":[{"href":"https:\/\/tremblantrestaurants.ca\/fr\/wp-json\/wp\/v2\/pages\/10330","targetHints":{"allow":["GET"]}}],"collection":[{"href":"https:\/\/tremblantrestaurants.ca\/fr\/wp-json\/wp\/v2\/pages"}],"about":[{"href":"https:\/\/tremblantrestaurants.ca\/fr\/wp-json\/wp\/v2\/types\/page"}],"author":[{"embeddable":true,"href":"https:\/\/tremblantrestaurants.ca\/fr\/wp-json\/wp\/v2\/users\/5"}],"replies":[{"embeddable":true,"href":"https:\/\/tremblantrestaurants.ca\/fr\/wp-json\/wp\/v2\/comments?post=10330"}],"version-history":[{"count":3,"href":"https:\/\/tremblantrestaurants.ca\/fr\/wp-json\/wp\/v2\/pages\/10330\/revisions"}],"predecessor-version":[{"id":10333,"href":"https:\/\/tremblantrestaurants.ca\/fr\/wp-json\/wp\/v2\/pages\/10330\/revisions\/10333"}],"wp:attachment":[{"href":"https:\/\/tremblantrestaurants.ca\/fr\/wp-json\/wp\/v2\/media?parent=10330"}],"curies":[{"name":"wp","href":"https:\/\/api.w.org\/{rel}","templated":true}]}}