{"id":149,"date":"2017-11-09T11:20:49","date_gmt":"2017-11-09T16:20:49","guid":{"rendered":"http:\/\/dev.tremblantrestaurants.ca\/?page_id=149"},"modified":"2024-01-30T12:16:21","modified_gmt":"2024-01-30T17:16:21","slug":"articles","status":"publish","type":"page","link":"https:\/\/tremblantrestaurants.ca\/fr\/articles\/","title":{"rendered":"Articles"},"content":{"rendered":"<p>[vc_row][vc_column][vc_text_separator title=\u00a0\u00bbArticles\u00a0\u00bb title_align=\u00a0\u00bbseparator_align_left\u00a0\u00bb align=\u00a0\u00bbalign_left\u00a0\u00bb css=\u00a0\u00bb.vc_custom_1546365814821{margin-top: 30px !important;margin-bottom: 40px !important;}\u00a0\u00bb][\/vc_column][\/vc_row][vc_row][vc_column width=\u00a0\u00bb3\/4&Prime;]\t\n \n\t\t<div class=\"paginContainer style1 \" data-style='style1' data-postsperpage='6' data-catids='200' data-postids='' > \n\t\t \n\t\t\t\t\n\t\t\t\t\t\t\n\t\t\n\n\t\n\n\t<article  class=\"post post-11153 type-post status-publish format-standard has-post-thumbnail hentry category-articles\">\n\n\t\t<div class=\"row\">\t\t\n\n\t\t\t\t\n\n\t\t\t<div class=\"col-xs-12 col-sm-5 col-md-5\">\n\n\t\t\t\t<figure class=\"post-item\">\n\n\t\t\t\t\t<a href=\"https:\/\/tremblantrestaurants.ca\/fr\/la-pintade-et-le-chou\/\" title=\"La pintade et le chou\">\n\n\t\t\t\t\t\t<div class=\"overlay\"><\/div>\n\n\t\t\t\t\t\t\t<img loading=\"lazy\" decoding=\"async\" src=\"https:\/\/tremblantrestaurants.ca\/wp-content\/uploads\/2025\/09\/Capture-decran-le-2025-09-25-a-17.06.47-375x250.png\" width=\"375\" height=\"250\" alt=\"Capture d\u2019e\u0301cran, le 2025-09-25 a\u0300 17.06.47\" class=\"img\" \/>\t\n\n\t\t\t\t\t<\/a>\n\n\t\t\t\t<\/figure>\n\n\t\t\t<\/div>\n\n\t\t\n\t\t\n\t\t\t<div class=\"col-xs-12 col-sm-7 col-md-7 marginleft20\">\n\n\t\t\n\t\t\t\t<header class=\"post-head\">\n\n\t\t\t\t\t<h1 class=\"post-title\"><a href=\"https:\/\/tremblantrestaurants.ca\/fr\/la-pintade-et-le-chou\/\" rel=\"bookmark\">La pintade et le chou<\/a><\/h1>\n\t\t\t\t\t<aside class=\"post-meta\">\n\n\t\t\t\t\t\t\n\t\t\t\t\t\t\n\t\t\t\t\t<\/aside>\n\n\t\t\t\t\t<div class=\"post-content\">\n\n\t\t\t\t\t\tDepuis deux ans, j\u2019ai la chance de me mettre sous la dent la d\u00e9licieuse pintade de la Fermette des cent...\n\t\t\t\t\t<\/div>\t\t\n\n\t\t\t\t\t\t\t\t\t\t<div class=\"read-more\">\n\t\t\t\t\t\t<a href=\"https:\/\/tremblantrestaurants.ca\/fr\/la-pintade-et-le-chou\/\">En savoir plus<\/a>\n\t\t\t\t\t<\/div>\n\n\n\n\t\t\t\t<\/header>\n\n\t\t\t<\/div>\n\n\t\t<\/div>\n\n\t<\/article>\n\n\t\n\n\t\n\n\t\t\t\t\t\n\t\t\t\t\t\t\t\t\t<div class=\"row\">\n\t\t\t\t\t\t<div class=\"col-xs-12 col-md-12\">\t\n\t\t\t\t\t\t\t<hr>\n\t\t\t\t\t\t<\/div>\n\t\t\t\t\t<\/div>\n\t\t\t\t\t\t\t\t\t\t\t\t\t\t\n\t\t\n\n\t\n\n\t<article  class=\"post post-11148 type-post status-publish format-standard has-post-thumbnail hentry category-articles\">\n\n\t\t<div class=\"row\">\t\t\n\n\t\t\t\t\n\n\t\t\t<div class=\"col-xs-12 col-sm-5 col-md-5\">\n\n\t\t\t\t<figure class=\"post-item\">\n\n\t\t\t\t\t<a href=\"https:\/\/tremblantrestaurants.ca\/fr\/darquise\/\" title=\"Darquise\">\n\n\t\t\t\t\t\t<div class=\"overlay\"><\/div>\n\n\t\t\t\t\t\t\t<img loading=\"lazy\" decoding=\"async\" src=\"https:\/\/tremblantrestaurants.ca\/wp-content\/uploads\/2025\/09\/Capture-decran-le-2025-09-25-a-16.46.51-375x250.png\" width=\"375\" height=\"250\" alt=\"Capture d\u2019e\u0301cran, le 2025-09-25 a\u0300 16.46.51\" class=\"img\" \/>\t\n\n\t\t\t\t\t<\/a>\n\n\t\t\t\t<\/figure>\n\n\t\t\t<\/div>\n\n\t\t\n\t\t\n\t\t\t<div class=\"col-xs-12 col-sm-7 col-md-7 marginleft20\">\n\n\t\t\n\t\t\t\t<header class=\"post-head\">\n\n\t\t\t\t\t<h1 class=\"post-title\"><a href=\"https:\/\/tremblantrestaurants.ca\/fr\/darquise\/\" rel=\"bookmark\">Darquise<\/a><\/h1>\n\t\t\t\t\t<aside class=\"post-meta\">\n\n\t\t\t\t\t\t\n\t\t\t\t\t\t\n\t\t\t\t\t<\/aside>\n\n\t\t\t\t\t<div class=\"post-content\">\n\n\t\t\t\t\t\tUn nouveau chapitre pour un lieu embl\u00e9matique Le coin des rues de Saint-Jovite et Labelle est depuis longtemps un lieu...\n\t\t\t\t\t<\/div>\t\t\n\n\t\t\t\t\t\t\t\t\t\t<div class=\"read-more\">\n\t\t\t\t\t\t<a href=\"https:\/\/tremblantrestaurants.ca\/fr\/darquise\/\">En savoir plus<\/a>\n\t\t\t\t\t<\/div>\n\n\n\n\t\t\t\t<\/header>\n\n\t\t\t<\/div>\n\n\t\t<\/div>\n\n\t<\/article>\n\n\t\n\n\t\n\n\t\t\t\t\t\n\t\t\t\t\t\t\t\t\t<div class=\"row\">\n\t\t\t\t\t\t<div class=\"col-xs-12 col-md-12\">\t\n\t\t\t\t\t\t\t<hr>\n\t\t\t\t\t\t<\/div>\n\t\t\t\t\t<\/div>\n\t\t\t\t\t\t\t\t\t\t\t\t\t\t\n\t\t\n\n\t\n\n\t<article  class=\"post post-11106 type-post status-publish format-standard has-post-thumbnail hentry category-articles\">\n\n\t\t<div class=\"row\">\t\t\n\n\t\t\t\t\n\n\t\t\t<div class=\"col-xs-12 col-sm-5 col-md-5\">\n\n\t\t\t\t<figure class=\"post-item\">\n\n\t\t\t\t\t<a href=\"https:\/\/tremblantrestaurants.ca\/fr\/une-nuit-detoiles-et-un-canot\/\" title=\"Une nuit d\u2019\u00e9toiles et un canot\">\n\n\t\t\t\t\t\t<div class=\"overlay\"><\/div>\n\n\t\t\t\t\t\t\t<img loading=\"lazy\" decoding=\"async\" src=\"https:\/\/tremblantrestaurants.ca\/wp-content\/uploads\/2025\/08\/Capture-decran-le-2025-08-02-a-12.32.29-375x250.png\" width=\"375\" height=\"250\" alt=\"Capture d\u2019e\u0301cran, le 2025-08-02 a\u0300 12.32.29\" class=\"img\" \/>\t\n\n\t\t\t\t\t<\/a>\n\n\t\t\t\t<\/figure>\n\n\t\t\t<\/div>\n\n\t\t\n\t\t\n\t\t\t<div class=\"col-xs-12 col-sm-7 col-md-7 marginleft20\">\n\n\t\t\n\t\t\t\t<header class=\"post-head\">\n\n\t\t\t\t\t<h1 class=\"post-title\"><a href=\"https:\/\/tremblantrestaurants.ca\/fr\/une-nuit-detoiles-et-un-canot\/\" rel=\"bookmark\">Une nuit d\u2019\u00e9toiles et un canot<\/a><\/h1>\n\t\t\t\t\t<aside class=\"post-meta\">\n\n\t\t\t\t\t\t\n\t\t\t\t\t\t\n\t\t\t\t\t<\/aside>\n\n\t\t\t\t\t<div class=\"post-content\">\n\n\t\t\t\t\t\tUne aventure en canot, le camping sauvage et les Pers\u00e9ides du mois d\u2019ao\u00fbt sont pour moi la d\u00e9finition du tout-inclus....\n\t\t\t\t\t<\/div>\t\t\n\n\t\t\t\t\t\t\t\t\t\t<div class=\"read-more\">\n\t\t\t\t\t\t<a href=\"https:\/\/tremblantrestaurants.ca\/fr\/une-nuit-detoiles-et-un-canot\/\">En savoir plus<\/a>\n\t\t\t\t\t<\/div>\n\n\n\n\t\t\t\t<\/header>\n\n\t\t\t<\/div>\n\n\t\t<\/div>\n\n\t<\/article>\n\n\t\n\n\t\n\n\t\t\t\t\t\n\t\t\t\t\t\t\t\t\t<div class=\"row\">\n\t\t\t\t\t\t<div class=\"col-xs-12 col-md-12\">\t\n\t\t\t\t\t\t\t<hr>\n\t\t\t\t\t\t<\/div>\n\t\t\t\t\t<\/div>\n\t\t\t\t\t\t\t\t\t\t\t\t\t\t\n\t\t\n\n\t\n\n\t<article  class=\"post post-11101 type-post status-publish format-standard has-post-thumbnail hentry category-articles\">\n\n\t\t<div class=\"row\">\t\t\n\n\t\t\t\t\n\n\t\t\t<div class=\"col-xs-12 col-sm-5 col-md-5\">\n\n\t\t\t\t<figure class=\"post-item\">\n\n\t\t\t\t\t<a href=\"https:\/\/tremblantrestaurants.ca\/fr\/redecouvrez-choux-gras\/\" title=\"Red\u00e9couvrez Choux Gras\">\n\n\t\t\t\t\t\t<div class=\"overlay\"><\/div>\n\n\t\t\t\t\t\t\t<img loading=\"lazy\" decoding=\"async\" src=\"https:\/\/tremblantrestaurants.ca\/wp-content\/uploads\/2024\/12\/Capture-decran-2024-12-19-141118-375x250.png\" width=\"375\" height=\"250\" alt=\"Capture d\u2019\u00e9cran 2024-12-19 141118\" class=\"img\" \/>\t\n\n\t\t\t\t\t<\/a>\n\n\t\t\t\t<\/figure>\n\n\t\t\t<\/div>\n\n\t\t\n\t\t\n\t\t\t<div class=\"col-xs-12 col-sm-7 col-md-7 marginleft20\">\n\n\t\t\n\t\t\t\t<header class=\"post-head\">\n\n\t\t\t\t\t<h1 class=\"post-title\"><a href=\"https:\/\/tremblantrestaurants.ca\/fr\/redecouvrez-choux-gras\/\" rel=\"bookmark\">Red\u00e9couvrez Choux Gras<\/a><\/h1>\n\t\t\t\t\t<aside class=\"post-meta\">\n\n\t\t\t\t\t\t\n\t\t\t\t\t\t\n\t\t\t\t\t<\/aside>\n\n\t\t\t\t\t<div class=\"post-content\">\n\n\t\t\t\t\t\tLe garde-manger local du chef Mathieu Cloutier Une r\u00e9volution tranquille, dont l\u2019instigateur est le chef Mathieu Cloutier, se pr\u00e9pare au...\n\t\t\t\t\t<\/div>\t\t\n\n\t\t\t\t\t\t\t\t\t\t<div class=\"read-more\">\n\t\t\t\t\t\t<a href=\"https:\/\/tremblantrestaurants.ca\/fr\/redecouvrez-choux-gras\/\">En savoir plus<\/a>\n\t\t\t\t\t<\/div>\n\n\n\n\t\t\t\t<\/header>\n\n\t\t\t<\/div>\n\n\t\t<\/div>\n\n\t<\/article>\n\n\t\n\n\t\n\n\t\t\t\t\t\n\t\t\t\t\t\t\t\t\t<div class=\"row\">\n\t\t\t\t\t\t<div class=\"col-xs-12 col-md-12\">\t\n\t\t\t\t\t\t\t<hr>\n\t\t\t\t\t\t<\/div>\n\t\t\t\t\t<\/div>\n\t\t\t\t\t\t\t\t\t\t\t\t\t\t\n\t\t\n\n\t\n\n\t<article  class=\"post post-11089 type-post status-publish format-standard has-post-thumbnail hentry category-articles\">\n\n\t\t<div class=\"row\">\t\t\n\n\t\t\t\t\n\n\t\t\t<div class=\"col-xs-12 col-sm-5 col-md-5\">\n\n\t\t\t\t<figure class=\"post-item\">\n\n\t\t\t\t\t<a href=\"https:\/\/tremblantrestaurants.ca\/fr\/a-votre-barbecue\/\" title=\"\u00c0 votre barbecue!\">\n\n\t\t\t\t\t\t<div class=\"overlay\"><\/div>\n\n\t\t\t\t\t\t\t<img loading=\"lazy\" decoding=\"async\" src=\"https:\/\/tremblantrestaurants.ca\/wp-content\/uploads\/2025\/07\/Capture-decran-le-2025-07-02-a-16.25.17-375x250.png\" width=\"375\" height=\"250\" alt=\"Capture d\u2019e\u0301cran, le 2025-07-02 a\u0300 16.25.17\" class=\"img\" \/>\t\n\n\t\t\t\t\t<\/a>\n\n\t\t\t\t<\/figure>\n\n\t\t\t<\/div>\n\n\t\t\n\t\t\n\t\t\t<div class=\"col-xs-12 col-sm-7 col-md-7 marginleft20\">\n\n\t\t\n\t\t\t\t<header class=\"post-head\">\n\n\t\t\t\t\t<h1 class=\"post-title\"><a href=\"https:\/\/tremblantrestaurants.ca\/fr\/a-votre-barbecue\/\" rel=\"bookmark\">\u00c0 votre barbecue!<\/a><\/h1>\n\t\t\t\t\t<aside class=\"post-meta\">\n\n\t\t\t\t\t\t\n\t\t\t\t\t\t\n\t\t\t\t\t<\/aside>\n\n\t\t\t\t\t<div class=\"post-content\">\n\n\t\t\t\t\t\tLa saison du barbecue peut sembler courte au Qu\u00e9bec compar\u00e9 \u00e0 d\u2019autres endroits o\u00f9 j\u2019ai habit\u00e9, comme en Australie, entre...\n\t\t\t\t\t<\/div>\t\t\n\n\t\t\t\t\t\t\t\t\t\t<div class=\"read-more\">\n\t\t\t\t\t\t<a href=\"https:\/\/tremblantrestaurants.ca\/fr\/a-votre-barbecue\/\">En savoir plus<\/a>\n\t\t\t\t\t<\/div>\n\n\n\n\t\t\t\t<\/header>\n\n\t\t\t<\/div>\n\n\t\t<\/div>\n\n\t<\/article>\n\n\t\n\n\t\n\n\t\t\t\t\t\n\t\t\t\t\t\t\t\t\t<div class=\"row\">\n\t\t\t\t\t\t<div class=\"col-xs-12 col-md-12\">\t\n\t\t\t\t\t\t\t<hr>\n\t\t\t\t\t\t<\/div>\n\t\t\t\t\t<\/div>\n\t\t\t\t\t\t\t\t\t\t\t\t\t\t\n\t\t\n\n\t\n\n\t<article  class=\"post post-11083 type-post status-publish format-standard has-post-thumbnail hentry category-articles\">\n\n\t\t<div class=\"row\">\t\t\n\n\t\t\t\t\n\n\t\t\t<div class=\"col-xs-12 col-sm-5 col-md-5\">\n\n\t\t\t\t<figure class=\"post-item\">\n\n\t\t\t\t\t<a href=\"https:\/\/tremblantrestaurants.ca\/fr\/petites-quilles-de-juillet\/\" title=\"Petites quilles de juillet\">\n\n\t\t\t\t\t\t<div class=\"overlay\"><\/div>\n\n\t\t\t\t\t\t\t<img loading=\"lazy\" decoding=\"async\" src=\"https:\/\/tremblantrestaurants.ca\/wp-content\/uploads\/2025\/07\/came-2933943_1280-375x250.jpg\" width=\"375\" height=\"250\" alt=\"came-2933943_1280\" class=\"img\" \/>\t\n\n\t\t\t\t\t<\/a>\n\n\t\t\t\t<\/figure>\n\n\t\t\t<\/div>\n\n\t\t\n\t\t\n\t\t\t<div class=\"col-xs-12 col-sm-7 col-md-7 marginleft20\">\n\n\t\t\n\t\t\t\t<header class=\"post-head\">\n\n\t\t\t\t\t<h1 class=\"post-title\"><a href=\"https:\/\/tremblantrestaurants.ca\/fr\/petites-quilles-de-juillet\/\" rel=\"bookmark\">Petites quilles de juillet<\/a><\/h1>\n\t\t\t\t\t<aside class=\"post-meta\">\n\n\t\t\t\t\t\t\n\t\t\t\t\t\t\n\t\t\t\t\t<\/aside>\n\n\t\t\t\t\t<div class=\"post-content\">\n\n\t\t\t\t\t\tClair de Brumes Pr\u00e9sage Pouilly-Fum\u00e9 2022 15433520 | 32,75 $ Nouveau venu dans la famille Saget, \u00ab Pr\u00e9sage \u00bb est...\n\t\t\t\t\t<\/div>\t\t\n\n\t\t\t\t\t\t\t\t\t\t<div class=\"read-more\">\n\t\t\t\t\t\t<a href=\"https:\/\/tremblantrestaurants.ca\/fr\/petites-quilles-de-juillet\/\">En savoir plus<\/a>\n\t\t\t\t\t<\/div>\n\n\n\n\t\t\t\t<\/header>\n\n\t\t\t<\/div>\n\n\t\t<\/div>\n\n\t<\/article>\n\n\t\n\n\t\n\n\t\t\t\t\t\n\t\t\t\t\t\t\t\t\t\t\t\t\t\n\t\t\t<div class=\"col-xs-12 col-md-12\">\t\n\t\t\n\t<nav class=\"navigation pagination\" aria-label=\"Pagination des publications\">\n\t\t<h2 class=\"screen-reader-text\">Pagination des publications<\/h2>\n\t\t<div class=\"nav-links\"><span aria-current=\"page\" class=\"page-numbers current\">1<\/span>\n<span class=\"page-numbers dots\">\u2026<\/span>\n<a class=\"page-numbers\" href=\"https:\/\/tremblantrestaurants.ca\/fr\/wp-json\/wp\/v2\/pages\/149\/page\/25\/\">25<\/a>\n<a class=\"next page-numbers\" href=\"https:\/\/tremblantrestaurants.ca\/fr\/wp-json\/wp\/v2\/pages\/149\/page\/2\/\">NEXT<\/a><\/div>\n\t<\/nav>\t\t<\/div>\n\t\t\n\t\t\t\n\t<\/div>\n\t\n\t[\/vc_column][vc_column width=\u00a0\u00bb1\/4&Prime;][vc_widget_sidebar sidebar_id=\u00a0\u00bbsidebar-1&Prime;][\/vc_column][\/vc_row][vc_row][vc_column][vc_empty_space][\/vc_column][\/vc_row][vc_row][vc_column]<div class=\"ictab-main-container-wrap ictab-clearfix  ictab-bgsection-default\" id=\"ictab-random-303136056\" style=\"width:;height:;margin:   ;\">\r\n\t<div class=\"ictab-available-template-wrap ictab-template7\">\r\n\t\t  <div class=\"ictab-inner-wrapper ictab-bgimage-wrap ictab-parallax-enabled ictab-parallax-for-videos-fixes\" data-parallax-source=\"image\" data-parallax-image=\"https:\/\/tremblantrestaurants.ca\/wp-content\/uploads\/2018\/07\/Depositphotos_336314686_L-copy.jpg\" data-parallax-image-width=\"880\" data-parallax-image-height=\"400\" style=\"background-image:url('https:\/\/tremblantrestaurants.ca\/wp-content\/uploads\/2018\/07\/Depositphotos_336314686_L-copy.jpg');background-size: cover;background-position: center;\">   \r\n\t\t  \t                <div class=\"ictab-common-overlay\"><\/div>\r\n                          \t      <div class=\"ictab-single-content-wrapper\">\r\n\t\t<div class=\"ictab-content-wrap-section\">\r\n  <div class=\"ictab-header-text-wrap \">\r\n <h3>Restaurants<\/h3>\r\n<\/div>\r\n\r\n <div class=\"ictab-description-content-wrap \">\r\n  Bienvenue dans votre guide de restaurants de la magnifique r\u00e9gion de Mont Tremblant. Peut importe le temps de l'ann\u00e9e Mont Tremblant a beaucoup de restaurants fantastiques \u00e0 vous offrir.<\/div>\r\n <div class=\"ictab-ctabbutton-wrap\">\r\n <div class=\"ictab-btn-wrap ictab-button-wrap ictab-icon-position-left   ictab-hide-icon \" id=\"ictab-btn1-164224453\">\r\n   <div class=\"ictab-button-main-wrap \">\r\n    <a href=\"http:\/\/tremblantrestaurants.ca\/fr\/restaurants\/\"    class=\"ictab-btn-tag ictab_show_both ictab-internal-btn-type button-bounce\" target='_self' data-text=\"Voir les restaurants ici\">\r\n        <span data-text='Voir les restaurants ici'>Voir les restaurants ici<\/span>    <\/a>\r\n   <\/div>\r\n<\/div>\r\n<style>\r\n     \r\n      .ictab-main-container-wrap#ictab-random-303136056 #ictab-btn1-164224453 a.button-3d-flip::before{\r\n          background-color: #0a0a0a       }\r\n      \r\n                  \r\n      .ictab-main-container-wrap#ictab-random-303136056 #ictab-btn1-164224453 a:hover,\r\n      .ictab-main-container-wrap#ictab-random-303136056 #ictab-btn1-164224453 a::before,\r\n      .ictab-main-container-wrap#ictab-random-303136056 #ictab-btn1-164224453 a:hover::before{\r\n          background-color: #efefef       }\r\n       .ictab-main-container-wrap#ictab-random-303136056 #ictab-btn1-164224453 a.button-zoom-focus:hover::before{\r\n       box-shadow: inset 0 0 0 2px #efefef;\r\n      }\r\n      \r\n\r\n      \/* border color *\/\r\n      \r\n        \/* border hover color *\/\r\n         \r\n       \/* font color *\/\r\n       \r\n        .ictab-main-container-wrap#ictab-random-303136056 #ictab-btn1-164224453 a i, \r\n        .ictab-main-container-wrap#ictab-random-303136056 #ictab-btn1-164224453 a span{\r\n          color: #efefef;\r\n        }  \r\n          \r\n               \/* font hover color *\/\r\n     \r\n       .ictab-main-container-wrap#ictab-random-303136056 #ictab-btn1-164224453 a:hover,\r\n      .ictab-main-container-wrap#ictab-random-303136056 #ictab-btn1-164224453 a:hover i, \r\n      .ictab-main-container-wrap#ictab-random-303136056 #ictab-btn1-164224453 a:hover span{\r\n       color: #191919       }\r\n      \r\n<\/style>\r\n<\/div><\/div>\r\n<\/div>\r\n\t     <\/div>\r\n\t<\/div>\r\n    <link rel='stylesheet' href='\/\/fonts.googleapis.com\/css?family=Lato' type='text\/css' media='all' \/>\r\n<style type='text\/css' media='all'>\r\n.ictab-main-container-wrap#ictab-random-303136056 .ictab-header-text-wrap h3 { font-family: Oswald; color: #969696 }\r\n    .ictab-main-container-wrap#ictab-random-303136056 #ictab-btn1-164224453 a {\r\n     background-color: #0a0a0a; color: #efefef; \r\n     }\r\n     \r\n\r\n    <\/style>\r\n<style type='text\/css' media='all'>\r\n#ictab-random-303136056 .ictab-custom-template-wrap .ictab-inner-wrapper.ictab-bgcolor-wrap .ictab-common-overlay {\r\n    background: none;\r\n}\r\n#ictab-random-303136056 .ictab-template7 .ictab-content-wrap-section .ictab-ctabbutton-wrap .ictab-btn-wrap a{\r\nfont-family: Lato; \r\n}\r\n<\/style>\r\n    <link rel='stylesheet' href='\/\/fonts.googleapis.com\/css?family=Oswald' type='text\/css' media='all' \/>\r\n<\/div>[\/vc_column][\/vc_row]<\/p>\n","protected":false},"excerpt":{"rendered":"<p>[vc_row][vc_column][vc_text_separator title=\u00a0\u00bbArticles\u00a0\u00bb title_align=\u00a0\u00bbseparator_align_left\u00a0\u00bb align=\u00a0\u00bbalign_left\u00a0\u00bb css=\u00a0\u00bb.vc_custom_1546365814821{margin-top: 30px !important;margin-bottom: 40px !important;}\u00a0\u00bb][\/vc_column][\/vc_row][vc_row][vc_column width=\u00a0\u00bb3\/4&Prime;][\/vc_column][vc_column width=\u00a0\u00bb1\/4&Prime;][vc_widget_sidebar sidebar_id=\u00a0\u00bbsidebar-1&Prime;][\/vc_column][\/vc_row][vc_row][vc_column][vc_empty_space][\/vc_column][\/vc_row][vc_row][vc_column][\/vc_column][\/vc_row]<\/p>\n","protected":false},"author":2,"featured_media":0,"parent":0,"menu_order":0,"comment_status":"closed","ping_status":"closed","template":"","meta":{"footnotes":""},"class_list":["post-149","page","type-page","status-publish","hentry"],"yoast_head":"<!-- This site is optimized with the Yoast SEO plugin v27.0 - https:\/\/yoast.com\/product\/yoast-seo-wordpress\/ -->\n<title>Articles - Tremblant Restaurants<\/title>\n<meta name=\"robots\" content=\"index, follow, max-snippet:-1, max-image-preview:large, max-video-preview:-1\" \/>\n<link rel=\"canonical\" href=\"https:\/\/tremblantrestaurants.ca\/fr\/articles\/\" \/>\n<meta property=\"og:locale\" content=\"fr_FR\" \/>\n<meta property=\"og:type\" content=\"article\" \/>\n<meta property=\"og:title\" content=\"Articles - Tremblant Restaurants\" \/>\n<meta property=\"og:description\" content=\"[vc_row][vc_column][vc_text_separator title=\u00a0\u00bbArticles\u00a0\u00bb title_align=\u00a0\u00bbseparator_align_left\u00a0\u00bb align=\u00a0\u00bbalign_left\u00a0\u00bb css=\u00a0\u00bb.vc_custom_1546365814821{margin-top: 30px !important;margin-bottom: 40px !important;}\u00a0\u00bb][\/vc_column][\/vc_row][vc_row][vc_column width=\u00a0\u00bb3\/4&Prime;][\/vc_column][vc_column width=\u00a0\u00bb1\/4&Prime;][vc_widget_sidebar sidebar_id=\u00a0\u00bbsidebar-1&Prime;][\/vc_column][\/vc_row][vc_row][vc_column][vc_empty_space][\/vc_column][\/vc_row][vc_row][vc_column][\/vc_column][\/vc_row]\" \/>\n<meta property=\"og:url\" content=\"https:\/\/tremblantrestaurants.ca\/fr\/articles\/\" \/>\n<meta property=\"og:site_name\" content=\"Tremblant Restaurants\" \/>\n<meta property=\"article:publisher\" content=\"https:\/\/www.facebook.com\/TremblantRestaurants\/\" \/>\n<meta property=\"article:modified_time\" content=\"2024-01-30T17:16:21+00:00\" \/>\n<meta name=\"twitter:card\" content=\"summary_large_image\" \/>\n<meta name=\"twitter:label1\" content=\"Dur\u00e9e de lecture estim\u00e9e\" \/>\n\t<meta name=\"twitter:data1\" content=\"1 minute\" \/>\n<script type=\"application\/ld+json\" class=\"yoast-schema-graph\">{\"@context\":\"https:\/\/schema.org\",\"@graph\":[{\"@type\":\"WebPage\",\"@id\":\"https:\/\/tremblantrestaurants.ca\/fr\/articles\/\",\"url\":\"https:\/\/tremblantrestaurants.ca\/fr\/articles\/\",\"name\":\"Articles - Tremblant Restaurants\",\"isPartOf\":{\"@id\":\"https:\/\/tremblantrestaurants.ca\/#website\"},\"datePublished\":\"2017-11-09T16:20:49+00:00\",\"dateModified\":\"2024-01-30T17:16:21+00:00\",\"breadcrumb\":{\"@id\":\"https:\/\/tremblantrestaurants.ca\/fr\/articles\/#breadcrumb\"},\"inLanguage\":\"fr-FR\",\"potentialAction\":[{\"@type\":\"ReadAction\",\"target\":[\"https:\/\/tremblantrestaurants.ca\/fr\/articles\/\"]}]},{\"@type\":\"BreadcrumbList\",\"@id\":\"https:\/\/tremblantrestaurants.ca\/fr\/articles\/#breadcrumb\",\"itemListElement\":[{\"@type\":\"ListItem\",\"position\":1,\"name\":\"Home\",\"item\":\"https:\/\/tremblantrestaurants.ca\/fr\/\"},{\"@type\":\"ListItem\",\"position\":2,\"name\":\"Articles\"}]},{\"@type\":\"WebSite\",\"@id\":\"https:\/\/tremblantrestaurants.ca\/#website\",\"url\":\"https:\/\/tremblantrestaurants.ca\/\",\"name\":\"Tremblant Restaurants\",\"description\":\"Guide des restaurants - Cuisine, Commentaires, Photos\",\"potentialAction\":[{\"@type\":\"SearchAction\",\"target\":{\"@type\":\"EntryPoint\",\"urlTemplate\":\"https:\/\/tremblantrestaurants.ca\/?s={search_term_string}\"},\"query-input\":{\"@type\":\"PropertyValueSpecification\",\"valueRequired\":true,\"valueName\":\"search_term_string\"}}],\"inLanguage\":\"fr-FR\"}]}<\/script>\n<!-- \/ Yoast SEO plugin. -->","yoast_head_json":{"title":"Articles - Tremblant Restaurants","robots":{"index":"index","follow":"follow","max-snippet":"max-snippet:-1","max-image-preview":"max-image-preview:large","max-video-preview":"max-video-preview:-1"},"canonical":"https:\/\/tremblantrestaurants.ca\/fr\/articles\/","og_locale":"fr_FR","og_type":"article","og_title":"Articles - Tremblant Restaurants","og_description":"[vc_row][vc_column][vc_text_separator title=\u00a0\u00bbArticles\u00a0\u00bb title_align=\u00a0\u00bbseparator_align_left\u00a0\u00bb align=\u00a0\u00bbalign_left\u00a0\u00bb css=\u00a0\u00bb.vc_custom_1546365814821{margin-top: 30px !important;margin-bottom: 40px !important;}\u00a0\u00bb][\/vc_column][\/vc_row][vc_row][vc_column width=\u00a0\u00bb3\/4&Prime;][\/vc_column][vc_column width=\u00a0\u00bb1\/4&Prime;][vc_widget_sidebar sidebar_id=\u00a0\u00bbsidebar-1&Prime;][\/vc_column][\/vc_row][vc_row][vc_column][vc_empty_space][\/vc_column][\/vc_row][vc_row][vc_column][\/vc_column][\/vc_row]","og_url":"https:\/\/tremblantrestaurants.ca\/fr\/articles\/","og_site_name":"Tremblant Restaurants","article_publisher":"https:\/\/www.facebook.com\/TremblantRestaurants\/","article_modified_time":"2024-01-30T17:16:21+00:00","twitter_card":"summary_large_image","twitter_misc":{"Dur\u00e9e de lecture estim\u00e9e":"1 minute"},"schema":{"@context":"https:\/\/schema.org","@graph":[{"@type":"WebPage","@id":"https:\/\/tremblantrestaurants.ca\/fr\/articles\/","url":"https:\/\/tremblantrestaurants.ca\/fr\/articles\/","name":"Articles - Tremblant Restaurants","isPartOf":{"@id":"https:\/\/tremblantrestaurants.ca\/#website"},"datePublished":"2017-11-09T16:20:49+00:00","dateModified":"2024-01-30T17:16:21+00:00","breadcrumb":{"@id":"https:\/\/tremblantrestaurants.ca\/fr\/articles\/#breadcrumb"},"inLanguage":"fr-FR","potentialAction":[{"@type":"ReadAction","target":["https:\/\/tremblantrestaurants.ca\/fr\/articles\/"]}]},{"@type":"BreadcrumbList","@id":"https:\/\/tremblantrestaurants.ca\/fr\/articles\/#breadcrumb","itemListElement":[{"@type":"ListItem","position":1,"name":"Home","item":"https:\/\/tremblantrestaurants.ca\/fr\/"},{"@type":"ListItem","position":2,"name":"Articles"}]},{"@type":"WebSite","@id":"https:\/\/tremblantrestaurants.ca\/#website","url":"https:\/\/tremblantrestaurants.ca\/","name":"Tremblant Restaurants","description":"Guide des restaurants - Cuisine, Commentaires, Photos","potentialAction":[{"@type":"SearchAction","target":{"@type":"EntryPoint","urlTemplate":"https:\/\/tremblantrestaurants.ca\/?s={search_term_string}"},"query-input":{"@type":"PropertyValueSpecification","valueRequired":true,"valueName":"search_term_string"}}],"inLanguage":"fr-FR"}]}},"_links":{"self":[{"href":"https:\/\/tremblantrestaurants.ca\/fr\/wp-json\/wp\/v2\/pages\/149","targetHints":{"allow":["GET"]}}],"collection":[{"href":"https:\/\/tremblantrestaurants.ca\/fr\/wp-json\/wp\/v2\/pages"}],"about":[{"href":"https:\/\/tremblantrestaurants.ca\/fr\/wp-json\/wp\/v2\/types\/page"}],"author":[{"embeddable":true,"href":"https:\/\/tremblantrestaurants.ca\/fr\/wp-json\/wp\/v2\/users\/2"}],"replies":[{"embeddable":true,"href":"https:\/\/tremblantrestaurants.ca\/fr\/wp-json\/wp\/v2\/comments?post=149"}],"version-history":[{"count":27,"href":"https:\/\/tremblantrestaurants.ca\/fr\/wp-json\/wp\/v2\/pages\/149\/revisions"}],"predecessor-version":[{"id":10252,"href":"https:\/\/tremblantrestaurants.ca\/fr\/wp-json\/wp\/v2\/pages\/149\/revisions\/10252"}],"wp:attachment":[{"href":"https:\/\/tremblantrestaurants.ca\/fr\/wp-json\/wp\/v2\/media?parent=149"}],"curies":[{"name":"wp","href":"https:\/\/api.w.org\/{rel}","templated":true}]}}